{"id":4508,"date":"2021-01-08T16:37:55","date_gmt":"2021-01-08T16:37:55","guid":{"rendered":"http:\/\/neu.borgata-sanmartino.de\/kontakt\/jobs\/"},"modified":"2025-11-07T10:51:48","modified_gmt":"2025-11-07T10:51:48","slug":"jobs","status":"publish","type":"page","link":"https:\/\/borgata-sanmartino.eu\/fr\/kontakt\/jobs\/","title":{"rendered":"Jobs"},"content":{"rendered":"<p>[et_pb_section fb_built=\u00a0\u00bb1&Prime; fullwidth=\u00a0\u00bbon\u00a0\u00bb _builder_version=\u00a0\u00bb4.16&Prime; _module_preset=\u00a0\u00bbdefault\u00a0\u00bb global_colors_info=\u00a0\u00bb{}\u00a0\u00bb][et_pb_fullwidth_slider show_content_on_mobile=\u00a0\u00bboff\u00a0\u00bb disabled_on=\u00a0\u00bboff|off|off\u00a0\u00bb admin_label=\u00a0\u00bbVollbreiter Slider\u00a0\u00bb _builder_version=\u00a0\u00bb4.16&Prime; _module_preset=\u00a0\u00bbdefault\u00a0\u00bb background_enable_image=\u00a0\u00bboff\u00a0\u00bb global_colors_info=\u00a0\u00bb{}\u00a0\u00bb][et_pb_slide _builder_version=\u00a0\u00bb4.16&Prime; _module_preset=\u00a0\u00bbdefault\u00a0\u00bb background_image=\u00a0\u00bbhttps:\/\/borgata-sanmartino.eu\/wp-content\/uploads\/2021\/01\/Borgata-San-Martino_Haus-1.jpg\u00a0\u00bb background_enable_image=\u00a0\u00bbon\u00a0\u00bb global_colors_info=\u00a0\u00bb{}\u00a0\u00bb sticky_transition=\u00a0\u00bbon\u00a0\u00bb][\/et_pb_slide][\/et_pb_fullwidth_slider][\/et_pb_section][et_pb_section fb_built=\u00a0\u00bb1&Prime; _builder_version=\u00a0\u00bb4.16&Prime; global_colors_info=\u00a0\u00bb{}\u00a0\u00bb][et_pb_row _builder_version=\u00a0\u00bb4.16&Prime; _module_preset=\u00a0\u00bbdefault\u00a0\u00bb global_colors_info=\u00a0\u00bb{}\u00a0\u00bb][et_pb_column type=\u00a0\u00bb4_4&Prime; _builder_version=\u00a0\u00bb4.16&Prime; _module_preset=\u00a0\u00bbdefault\u00a0\u00bb global_colors_info=\u00a0\u00bb{}\u00a0\u00bb][et_pb_text _builder_version=\u00a0\u00bb4.16&Prime; _module_preset=\u00a0\u00bbdefault\u00a0\u00bb header_font=\u00a0\u00bb|600|||||||\u00a0\u00bb header_font_size=\u00a0\u00bb35px\u00a0\u00bb global_colors_info=\u00a0\u00bb{}\u00a0\u00bb]<\/p>\n<h1 style=\"text-align: center;\">Jobs<\/h1>\n<p>[\/et_pb_text][et_pb_divider divider_weight=\u00a0\u00bb2px\u00a0\u00bb _builder_version=\u00a0\u00bb4.16&Prime; _module_preset=\u00a0\u00bbdefault\u00a0\u00bb max_width=\u00a0\u00bb40%\u00a0\u00bb module_alignment=\u00a0\u00bbcenter\u00a0\u00bb global_colors_info=\u00a0\u00bb{}\u00a0\u00bb][\/et_pb_divider][et_pb_text disabled_on=\u00a0\u00bboff|off|off\u00a0\u00bb admin_label=\u00a0\u00bbGesuch\u00a0\u00bb _builder_version=\u00a0\u00bb4.27.4&Prime; _module_preset=\u00a0\u00bbdefault\u00a0\u00bb global_colors_info=\u00a0\u00bb{}\u00a0\u00bb]<\/p>\n<p>Nous recherchons pour la saison 2026 (mai-octobre) trois\u00a0 polyvalent (h\/f\/d) qui aime passer quelques mois par an \u00e0 la montagne.<\/p>\n<p><\/p>\n<p>Nous attendons de vous que vous soyez bilingue, de pr\u00e9f\u00e9rence italien\/allemand, pr\u00eat \u00e0 travailler en \u00e9quipe et dispos\u00e9 \u00e0 apprendre de nouvelles choses.<br \/>Nous offrons le logement et les repas gratuits, une journ\u00e9e de travail de 8 heures (\u00e9ventuellement \u00e0 temps partiel).<\/p>\n<p><\/p>\n<p>Si nous avons \u00e9veill\u00e9 ton int\u00e9r\u00eat, envoie ta candidature \u00e0 :<br \/><a href=\"mailto:info@borgata-sanmartino.eu\">info@borgata-sanmartino.eu<\/a><\/p>\n<p>[\/et_pb_text][et_pb_text disabled_on=\u00a0\u00bbon|on|on\u00a0\u00bb admin_label=\u00a0\u00bbBesetzt\u00a0\u00bb _builder_version=\u00a0\u00bb4.27.4&Prime; _module_preset=\u00a0\u00bbdefault\u00a0\u00bb disabled=\u00a0\u00bbon\u00a0\u00bb global_colors_info=\u00a0\u00bb{}\u00a0\u00bb]Pour le moment, tous nos postes sont pourvus.<\/p>\n<p>Mais nous attendons toujours avec impatience des contacts avec des jeunes motiv\u00e9s pour une \u00e9ventuelle coop\u00e9ration future.[\/et_pb_text][\/et_pb_column][\/et_pb_row][\/et_pb_section]<\/p>\n","protected":false},"excerpt":{"rendered":"<p>JobsNous recherchons pour la saison 2026 (mai-octobre) trois\u00a0 polyvalent (h\/f\/d) qui aime passer quelques mois par an \u00e0 la montagne.Nous attendons de vous que vous soyez bilingue, de pr\u00e9f\u00e9rence italien\/allemand, pr\u00eat \u00e0 travailler en \u00e9quipe et dispos\u00e9 \u00e0 apprendre de nouvelles choses.Nous offrons le logement et les repas gratuits, une journ\u00e9e de travail de 8 [&hellip;]<\/p>\n","protected":false},"author":1,"featured_media":0,"parent":1885,"menu_order":0,"comment_status":"closed","ping_status":"closed","template":"","meta":{"_et_pb_use_builder":"on","_et_pb_old_content":"","_et_gb_content_width":"","footnotes":""},"class_list":["post-4508","page","type-page","status-publish","hentry"],"aioseo_notices":[],"_links":{"self":[{"href":"https:\/\/borgata-sanmartino.eu\/fr\/wp-json\/wp\/v2\/pages\/4508","targetHints":{"allow":["GET"]}}],"collection":[{"href":"https:\/\/borgata-sanmartino.eu\/fr\/wp-json\/wp\/v2\/pages"}],"about":[{"href":"https:\/\/borgata-sanmartino.eu\/fr\/wp-json\/wp\/v2\/types\/page"}],"author":[{"embeddable":true,"href":"https:\/\/borgata-sanmartino.eu\/fr\/wp-json\/wp\/v2\/users\/1"}],"replies":[{"embeddable":true,"href":"https:\/\/borgata-sanmartino.eu\/fr\/wp-json\/wp\/v2\/comments?post=4508"}],"version-history":[{"count":37,"href":"https:\/\/borgata-sanmartino.eu\/fr\/wp-json\/wp\/v2\/pages\/4508\/revisions"}],"predecessor-version":[{"id":8095,"href":"https:\/\/borgata-sanmartino.eu\/fr\/wp-json\/wp\/v2\/pages\/4508\/revisions\/8095"}],"up":[{"embeddable":true,"href":"https:\/\/borgata-sanmartino.eu\/fr\/wp-json\/wp\/v2\/pages\/1885"}],"wp:attachment":[{"href":"https:\/\/borgata-sanmartino.eu\/fr\/wp-json\/wp\/v2\/media?parent=4508"}],"curies":[{"name":"wp","href":"https:\/\/api.w.org\/{rel}","templated":true}]}}