{"id":2817,"date":"2020-12-29T11:19:43","date_gmt":"2020-12-29T11:19:43","guid":{"rendered":"http:\/\/neu.borgata-sanmartino.de\/preise\/"},"modified":"2025-11-07T10:45:59","modified_gmt":"2025-11-07T10:45:59","slug":"preise","status":"publish","type":"page","link":"https:\/\/borgata-sanmartino.eu\/fr\/preise\/","title":{"rendered":"Prix"},"content":{"rendered":"<p>[et_pb_section fb_built=\u00a0\u00bb1&Prime; fullwidth=\u00a0\u00bbon\u00a0\u00bb _builder_version=\u00a0\u00bb4.16&Prime; _module_preset=\u00a0\u00bbdefault\u00a0\u00bb global_colors_info=\u00a0\u00bb{}\u00a0\u00bb][et_pb_fullwidth_slider show_content_on_mobile=\u00a0\u00bboff\u00a0\u00bb disabled_on=\u00a0\u00bboff|off|off\u00a0\u00bb admin_label=\u00a0\u00bbVollbreiter Slider\u00a0\u00bb _builder_version=\u00a0\u00bb4.16&Prime; _module_preset=\u00a0\u00bbdefault\u00a0\u00bb background_enable_image=\u00a0\u00bboff\u00a0\u00bb global_colors_info=\u00a0\u00bb{}\u00a0\u00bb][et_pb_slide _builder_version=\u00a0\u00bb4.16&Prime; _module_preset=\u00a0\u00bbdefault\u00a0\u00bb background_image=\u00a0\u00bbhttps:\/\/borgata-sanmartino.eu\/wp-content\/uploads\/2021\/01\/Borgata-San-Martino_Terasse.jpg\u00a0\u00bb background_enable_image=\u00a0\u00bbon\u00a0\u00bb global_colors_info=\u00a0\u00bb{}\u00a0\u00bb sticky_transition=\u00a0\u00bbon\u00a0\u00bb][\/et_pb_slide][\/et_pb_fullwidth_slider][\/et_pb_section][et_pb_section fb_built=\u00a0\u00bb1&Prime; _builder_version=\u00a0\u00bb4.16&Prime; global_colors_info=\u00a0\u00bb{}\u00a0\u00bb][et_pb_row _builder_version=\u00a0\u00bb4.16&Prime; _module_preset=\u00a0\u00bbdefault\u00a0\u00bb global_colors_info=\u00a0\u00bb{}\u00a0\u00bb][et_pb_column type=\u00a0\u00bb4_4&Prime; _builder_version=\u00a0\u00bb4.16&Prime; _module_preset=\u00a0\u00bbdefault\u00a0\u00bb global_colors_info=\u00a0\u00bb{}\u00a0\u00bb][et_pb_text _builder_version=\u00a0\u00bb4.16&Prime; _module_preset=\u00a0\u00bbdefault\u00a0\u00bb header_font=\u00a0\u00bb|600|||||||\u00a0\u00bb header_font_size=\u00a0\u00bb35px\u00a0\u00bb global_colors_info=\u00a0\u00bb{}\u00a0\u00bb]<\/p>\n<h1 style=\"text-align: center;\">Prix<\/h1>\n<p>[\/et_pb_text][et_pb_divider divider_weight=\u00a0\u00bb2px\u00a0\u00bb _builder_version=\u00a0\u00bb4.16&Prime; _module_preset=\u00a0\u00bbdefault\u00a0\u00bb max_width=\u00a0\u00bb40%\u00a0\u00bb module_alignment=\u00a0\u00bbcenter\u00a0\u00bb global_colors_info=\u00a0\u00bb{}\u00a0\u00bb][\/et_pb_divider][et_pb_pricing_tables featured_table_bullet_color=\u00a0\u00bb#7BA835&Prime; bullet_color=\u00a0\u00bb#7BA835&Prime; _builder_version=\u00a0\u00bb4.27.4&Prime; _module_preset=\u00a0\u00bbdefault\u00a0\u00bb header_level=\u00a0\u00bbh3&Prime; subheader_font_size=\u00a0\u00bb15px\u00a0\u00bb price_font_size=\u00a0\u00bb20px\u00a0\u00bb price_line_height=\u00a0\u00bb20px\u00a0\u00bb currency_frequency_letter_spacing=\u00a0\u00bb5px\u00a0\u00bb hover_enabled=\u00a0\u00bb0&Prime; price_letter_spacing_last_edited=\u00a0\u00bboff|desktop\u00a0\u00bb global_colors_info=\u00a0\u00bb{}\u00a0\u00bb sticky_enabled=\u00a0\u00bb0&Prime;][et_pb_pricing_table title=\u00a0\u00bbChambre double\u00a0\u00bb subtitle=\u00a0\u00bbpar personne\/nuit\u00a0\u00bb sum=\u00a0\u00bb\u20ac 75,-\/85,-\/90,-*\u00a0\u00bb _builder_version=\u00a0\u00bb4.27.4&Prime; _module_preset=\u00a0\u00bbdefault\u00a0\u00bb hover_enabled=\u00a0\u00bb0&Prime; global_colors_info=\u00a0\u00bb{}\u00a0\u00bb sticky_transition=\u00a0\u00bbon\u00a0\u00bb sticky_enabled=\u00a0\u00bb0&Prime;]<\/p>\n<p>Petit d\u00e9jeuner et d\u00eener de cinq plats<\/p>\n<p><\/p>\n<p>Suppl\u00e9ment pour les nuit\u00e9es de moins de trois nuits : 5 \u20ac.<\/p>\n<p><\/p>\n<p>Gratuit pour les enfants accompagn\u00e9s d&rsquo;adultes jusqu&rsquo;\u00e0 2 ans, 65 euros pour les enfants de 3 \u00e0 10 ans.<\/p>\n<p>[\/et_pb_pricing_table][et_pb_pricing_table title=\u00a0\u00bbChambre simple\u00a0\u00bb subtitle=\u00a0\u00bbpar personne\/nuit\u00a0\u00bb sum=\u00a0\u00bb\u20ac 90,-\/110,-\/120,-*\u00a0\u00bb _builder_version=\u00a0\u00bb4.27.4&Prime; _module_preset=\u00a0\u00bbdefault\u00a0\u00bb hover_enabled=\u00a0\u00bb0&Prime; global_colors_info=\u00a0\u00bb{}\u00a0\u00bb sticky_transition=\u00a0\u00bbon\u00a0\u00bb sticky_enabled=\u00a0\u00bb0&Prime;]<\/p>\n<p>Petit d\u00e9jeuner et d\u00eener de cinq plats<\/p>\n<p><\/p>\n<p>Suppl\u00e9ment pour les nuit\u00e9es de moins de trois nuits : 5 \u20ac.<\/p>\n<p><\/p>\n<p>Gratuit pour les enfants accompagn\u00e9s d&rsquo;adultes jusqu&rsquo;\u00e0 2 ans, 65 euros pour les enfants de 3 \u00e0 10 ans.<\/p>\n<p>[\/et_pb_pricing_table][et_pb_pricing_table title=\u00a0\u00bbPosto Tappa\u00a0\u00bb subtitle=\u00a0\u00bbDortoir pour excursionnistes\u00a0\u00bb sum=\u00a0\u00bb\u20ac 65,- *\u00a0\u00bb _builder_version=\u00a0\u00bb4.27.4&Prime; _module_preset=\u00a0\u00bbdefault\u00a0\u00bb hover_enabled=\u00a0\u00bb0&Prime; global_colors_info=\u00a0\u00bb{}\u00a0\u00bb sticky_transition=\u00a0\u00bbon\u00a0\u00bb sticky_enabled=\u00a0\u00bb0&Prime;]<\/p>\n<p>Petit d\u00e9jeuner et d\u00eener de cinq plats<\/p>\n<p><\/p>\n<p>Prix par personne\/nuit<\/p>\n<p><\/p>\n<p>Au Posto Tappa, les sacs de couchage en cabane et les serviettes doivent \u00eatre apport\u00e9s par le client.<\/p>\n<p>[\/et_pb_pricing_table][\/et_pb_pricing_tables][et_pb_text _builder_version=\u00a0\u00bb4.27.4&Prime; _module_preset=\u00a0\u00bbdefault\u00a0\u00bb text_orientation=\u00a0\u00bbcenter\u00a0\u00bb hover_enabled=\u00a0\u00bb0&Prime; global_colors_info=\u00a0\u00bb{}\u00a0\u00bb sticky_enabled=\u00a0\u00bb0&Prime;]<\/p>\n<p style=\"text-align: left;\">* La taxe de s\u00e9jour de 2,00 \u20ac par personne \/ nuit n&rsquo;est pas incluse dans les prix mentionn\u00e9s.<br \/>Pour toutes les offres, un acompte de 25% (minimum 60 \u20ac) doit \u00eatre effectu\u00e9 lors de la r\u00e9servation.<\/p>\n<p>[\/et_pb_text][\/et_pb_column][\/et_pb_row][et_pb_row _builder_version=\u00a0\u00bb4.16&Prime; background_size=\u00a0\u00bbinitial\u00a0\u00bb background_position=\u00a0\u00bbtop_left\u00a0\u00bb background_repeat=\u00a0\u00bbrepeat\u00a0\u00bb global_colors_info=\u00a0\u00bb{}\u00a0\u00bb][et_pb_column type=\u00a0\u00bb4_4&Prime; _builder_version=\u00a0\u00bb4.16&Prime; custom_padding=\u00a0\u00bb|||\u00a0\u00bb global_colors_info=\u00a0\u00bb{}\u00a0\u00bb custom_padding__hover=\u00a0\u00bb|||\u00a0\u00bb][et_pb_button button_url=\u00a0\u00bbhttps:\/\/borgata-sanmartino.eu\/fr\/buchung\/\u00a0\u00bb button_text=\u00a0\u00bbDemande de r\u00e9servation\u00a0\u00bb button_alignment=\u00a0\u00bbcenter\u00a0\u00bb _builder_version=\u00a0\u00bb4.16&Prime; _module_preset=\u00a0\u00bbdefault\u00a0\u00bb global_colors_info=\u00a0\u00bb{}\u00a0\u00bb][\/et_pb_button][\/et_pb_column][\/et_pb_row][\/et_pb_section]<\/p>\n","protected":false},"excerpt":{"rendered":"<p>PrixPetit d\u00e9jeuner et d\u00eener de cinq platsSuppl\u00e9ment pour les nuit\u00e9es de moins de trois nuits : 5 \u20ac.Gratuit pour les enfants accompagn\u00e9s d&rsquo;adultes jusqu&rsquo;\u00e0 2 ans, 65 euros pour les enfants de 3 \u00e0 10 ans.Petit d\u00e9jeuner et d\u00eener de cinq platsSuppl\u00e9ment pour les nuit\u00e9es de moins de trois nuits : 5 \u20ac.Gratuit pour les [&hellip;]<\/p>\n","protected":false},"author":1,"featured_media":0,"parent":0,"menu_order":0,"comment_status":"closed","ping_status":"closed","template":"","meta":{"_et_pb_use_builder":"on","_et_pb_old_content":"","_et_gb_content_width":"","footnotes":""},"class_list":["post-2817","page","type-page","status-publish","hentry"],"aioseo_notices":[],"_links":{"self":[{"href":"https:\/\/borgata-sanmartino.eu\/fr\/wp-json\/wp\/v2\/pages\/2817","targetHints":{"allow":["GET"]}}],"collection":[{"href":"https:\/\/borgata-sanmartino.eu\/fr\/wp-json\/wp\/v2\/pages"}],"about":[{"href":"https:\/\/borgata-sanmartino.eu\/fr\/wp-json\/wp\/v2\/types\/page"}],"author":[{"embeddable":true,"href":"https:\/\/borgata-sanmartino.eu\/fr\/wp-json\/wp\/v2\/users\/1"}],"replies":[{"embeddable":true,"href":"https:\/\/borgata-sanmartino.eu\/fr\/wp-json\/wp\/v2\/comments?post=2817"}],"version-history":[{"count":31,"href":"https:\/\/borgata-sanmartino.eu\/fr\/wp-json\/wp\/v2\/pages\/2817\/revisions"}],"predecessor-version":[{"id":8085,"href":"https:\/\/borgata-sanmartino.eu\/fr\/wp-json\/wp\/v2\/pages\/2817\/revisions\/8085"}],"wp:attachment":[{"href":"https:\/\/borgata-sanmartino.eu\/fr\/wp-json\/wp\/v2\/media?parent=2817"}],"curies":[{"name":"wp","href":"https:\/\/api.w.org\/{rel}","templated":true}]}}